{"id":42,"date":"2024-05-30T11:02:16","date_gmt":"2024-05-30T09:02:16","guid":{"rendered":"https:\/\/wp09.pm-infra.de\/?page_id=42"},"modified":"2026-02-09T16:52:05","modified_gmt":"2026-02-09T15:52:05","slug":"forum-bruneck","status":"publish","type":"page","link":"https:\/\/wp09.pm-infra.de\/","title":{"rendered":"Forum Bruneck"},"content":{"rendered":"<p>[et_pb_section fb_built=&#8220;1&#8243; _builder_version=&#8220;4.27.0&#8243; _module_preset=&#8220;default&#8220; background_image=&#8220;https:\/\/wp09.pm-infra.de\/wp-content\/uploads\/2024\/08\/2shutterstock_215826787511.jpg&#8220; parallax=&#8220;on&#8220; custom_padding=&#8220;149px||283px|||&#8220; global_colors_info=&#8220;{}&#8220;][et_pb_row _builder_version=&#8220;4.25.1&#8243; _module_preset=&#8220;default&#8220; global_colors_info=&#8220;{}&#8220;][et_pb_column type=&#8220;4_4&#8243; _builder_version=&#8220;4.25.1&#8243; _module_preset=&#8220;default&#8220; global_colors_info=&#8220;{}&#8220;][et_pb_text _builder_version=&#8220;4.25.1&#8243; _module_preset=&#8220;default&#8220; header_font=&#8220;Roboto Light Version||||||||&#8220; header_text_color=&#8220;#FFFFFF&#8220; header_font_size=&#8220;38px&#8220; custom_margin=&#8220;||-1px|||&#8220; header_text_shadow_style=&#8220;preset3&#8243; global_colors_info=&#8220;{}&#8220;]<\/p>\n<h1 style=\"text-align: center;\">Forum Gesundheit Bruneck<\/h1>\n<p>[\/et_pb_text][et_pb_text _builder_version=&#8220;4.25.1&#8243; _module_preset=&#8220;default&#8220; text_font=&#8220;Lato||||||||&#8220; text_text_color=&#8220;#FFFFFF&#8220; text_text_shadow_style=&#8220;preset3&#8243; global_colors_info=&#8220;{}&#8220;]<\/p>\n<p style=\"text-align: center;\">Philippi-Methode<\/p>\n<p>[\/et_pb_text][\/et_pb_column][\/et_pb_row][\/et_pb_section][et_pb_section fb_built=&#8220;1&#8243; disabled_on=&#8220;on|on|on&#8220; module_id=&#8220;anker2&#8243; _builder_version=&#8220;4.27.5&#8243; _module_preset=&#8220;default&#8220; background_color=&#8220;rgba(160,160,125,0.09)&#8220; disabled=&#8220;on&#8220; global_colors_info=&#8220;{}&#8220;][et_pb_row _builder_version=&#8220;4.27.4&#8243; _module_preset=&#8220;default&#8220; global_colors_info=&#8220;{}&#8220;][et_pb_column type=&#8220;4_4&#8243; _builder_version=&#8220;4.27.4&#8243; _module_preset=&#8220;default&#8220; global_colors_info=&#8220;{}&#8220;][et_pb_text _builder_version=&#8220;4.27.4&#8243; _module_preset=&#8220;default&#8220; header_text_align=&#8220;center&#8220; header_2_font=&#8220;Roboto Light Version||||||||&#8220; header_2_text_align=&#8220;center&#8220; header_2_font_size=&#8220;29px&#8220; custom_margin=&#8220;|20px||20px|false|false&#8220; global_colors_info=&#8220;{}&#8220;]<\/p>\n<h2>NEU: \u00c4rztetagung am 29.11.2025<\/h2>\n<p>[\/et_pb_text][et_pb_text _builder_version=&#8220;4.27.4&#8243; _module_preset=&#8220;default&#8220; text_font=&#8220;Lato||||||||&#8220; text_letter_spacing=&#8220;1px&#8220; text_line_height=&#8220;1.9em&#8220; text_orientation=&#8220;center&#8220; custom_margin=&#8220;|20px||20px|false|false&#8220; global_colors_info=&#8220;{}&#8220;]<\/p>\n<p>Unter dem Titel &#8222;Die Seele zuerst&#8220; findet in Kooperation mit der<a href=\"https:\/\/aerztegesellschaft-bioinformationstherapie.de\/\" target=\"_blank\" rel=\"noopener\"> Internationalen \u00c4rztegesellschaft f\u00fcr Bioinformationstherapie e. V.<\/a> <strong>am 29.11.2025 eine \u00c4rztetagung <\/strong>f\u00fcr \u00c4rzte, Interessierte oder Betroffene statt.<\/p>\n<p>[\/et_pb_text][et_pb_button button_url=&#8220;https:\/\/server41.der-moderne-verein.de\/webportal\/events\/veranstaltung?MANDANT_KEY=U-78a722f9c19ad5ea47266e0ec54eb343&#038;VER_ID=1996&#038;SINGLEPAGE=1&#8243; url_new_window=&#8220;on&#8220; button_text=&#8220;Jetzt anmelden&#8220; button_alignment=&#8220;center&#8220; disabled_on=&#8220;off|off|off&#8220; _builder_version=&#8220;4.27.4&#8243; _module_preset=&#8220;default&#8220; custom_margin=&#8220;|20px||20px|false|false&#8220; custom_padding=&#8220;|11px||11px|false|false&#8220; global_colors_info=&#8220;{}&#8220;][\/et_pb_button][\/et_pb_column][\/et_pb_row][et_pb_row column_structure=&#8220;1_3,1_3,1_3&#8243; _builder_version=&#8220;4.27.4&#8243; _module_preset=&#8220;default&#8220; global_colors_info=&#8220;{}&#8220;][et_pb_column type=&#8220;1_3&#8243; _builder_version=&#8220;4.27.4&#8243; _module_preset=&#8220;default&#8220; global_colors_info=&#8220;{}&#8220;][\/et_pb_column][et_pb_column type=&#8220;1_3&#8243; _builder_version=&#8220;4.27.4&#8243; _module_preset=&#8220;default&#8220; global_colors_info=&#8220;{}&#8220;][et_pb_image src=&#8220;https:\/\/wp09.pm-infra.de\/wp-content\/uploads\/2025\/10\/Flyer_Aerztekongr_Seelenwell_IT_WhatsApp_NEU_s01.jpg&#8220; title_text=&#8220;Flyer_Aerztekongr_Seelenwell_IT_WhatsApp_NEU_s01&#8243; url=&#8220;https:\/\/wp09.pm-infra.de\/wp-content\/uploads\/2025\/10\/Flyer_Aerztekongr_Seelenwell_IT_web_NEU.pdf&#8220; url_new_window=&#8220;on&#8220; _builder_version=&#8220;4.27.4&#8243; _module_preset=&#8220;default&#8220; global_colors_info=&#8220;{}&#8220;][\/et_pb_image][\/et_pb_column][et_pb_column type=&#8220;1_3&#8243; _builder_version=&#8220;4.27.4&#8243; _module_preset=&#8220;default&#8220; global_colors_info=&#8220;{}&#8220;][\/et_pb_column][\/et_pb_row][\/et_pb_section][et_pb_section fb_built=&#8220;1&#8243; module_id=&#8220;anker1&#8243; _builder_version=&#8220;4.25.1&#8243; _module_preset=&#8220;default&#8220; custom_margin=&#8220;0px|||||&#8220; custom_padding=&#8220;100px||104px|||&#8220; global_colors_info=&#8220;{}&#8220;][et_pb_row column_structure=&#8220;1_2,1_2&#8243; _builder_version=&#8220;4.25.1&#8243; _module_preset=&#8220;default&#8220; global_colors_info=&#8220;{}&#8220;][et_pb_column type=&#8220;1_2&#8243; _builder_version=&#8220;4.25.1&#8243; _module_preset=&#8220;default&#8220; global_colors_info=&#8220;{}&#8220;][et_pb_image src=&#8220;https:\/\/wp09.pm-infra.de\/wp-content\/uploads\/2025\/05\/shutterstock_2161396067-3.jpg&#8220; title_text=&#8220;shutterstock_2161396067 (3)&#8220; show_in_lightbox=&#8220;on&#8220; _builder_version=&#8220;4.27.4&#8243; _module_preset=&#8220;default&#8220; custom_margin=&#8220;|20px||20px|false|false&#8220; global_colors_info=&#8220;{}&#8220;][\/et_pb_image][\/et_pb_column][et_pb_column type=&#8220;1_2&#8243; _builder_version=&#8220;4.25.1&#8243; _module_preset=&#8220;default&#8220; global_colors_info=&#8220;{}&#8220;][et_pb_text _builder_version=&#8220;4.25.1&#8243; _module_preset=&#8220;default&#8220; header_2_font=&#8220;Roboto Light Version||||||||&#8220; header_2_font_size=&#8220;29px&#8220; custom_margin=&#8220;|20px||20px|false|false&#8220; global_colors_info=&#8220;{}&#8220;]<\/p>\n<h2>Das Forum entdecken<\/h2>\n<p>[\/et_pb_text][et_pb_divider color=&#8220;#a07300&#8243; divider_position=&#8220;center&#8220; divider_weight=&#8220;2px&#8220; disabled_on=&#8220;off|off|off%22&#8243; admin_label=&#8220;Divider&#8220; _builder_version=&#8220;4.25.1&#8243; max_width=&#8220;150px&#8220; height=&#8220;false&#8220; custom_margin=&#8220;30px|||20px|false|false&#8220; animation_style=&#8220;slide&#8220; animation_direction=&#8220;top&#8220; animation_delay=&#8220;100ms&#8220; animation_intensity_slide=&#8220;10%&#8220; locked=&#8220;off&#8220; global_colors_info=&#8220;{}&#8220;][\/et_pb_divider][et_pb_text _builder_version=&#8220;4.27.4&#8243; _module_preset=&#8220;default&#8220; text_font=&#8220;Lato||||||||&#8220; text_letter_spacing=&#8220;1px&#8220; text_line_height=&#8220;1.9em&#8220; custom_margin=&#8220;|20px||20px|false|false&#8220; global_colors_info=&#8220;{}&#8220;]<\/p>\n<p>Unweit des Brunecker Stadtzentrums liegt eine versteckte Oase, in der Sie Kraft tanken und genesen k\u00f6nnen. In angenehmer Atmosph\u00e4re st\u00e4rken, schonen und sch\u00fctzen Sie Ihre Gesundheit mithilfe der <a href=\"https:\/\/philippimethode.de\" target=\"_blank\" rel=\"noopener\">Philippi-Methode<\/a>, um Schritt f\u00fcr Schritt mehr Wohlbefinden zu erlangen.<\/p>\n<p><strong>Neugierig? <\/strong>Vereinbaren Sie jetzt einen Termin:<strong><br \/>Tel.: 0039 388 4633123<br \/><a href=\"mailto:forum-bruneck@seelenwellness.it\">forum-bruneck@seelenwellness.it<\/a><\/strong><\/p>\n<p>[\/et_pb_text][et_pb_button button_url=&#8220;https:\/\/wp09.pm-infra.de\/wp-content\/uploads\/2026\/01\/2026_Feb_Flyer_GeshAbend_Pfalzen_web_compressed.pdf&#8220; url_new_window=&#8220;on&#8220; button_text=&#8220;Gesundheitsabend &#8220; disabled_on=&#8220;off|off|off&#8220; _builder_version=&#8220;4.27.5&#8243; _module_preset=&#8220;default&#8220; custom_margin=&#8220;|20px||20px|false|false&#8220; custom_padding=&#8220;|39px||39px|false|false&#8220; global_colors_info=&#8220;{}&#8220;][\/et_pb_button][et_pb_button button_url=&#8220;https:\/\/wp09.pm-infra.de\/wp-content\/uploads\/2025\/12\/2026_02_Feb_Infobl_Intenstage_Italien_-2.pdf&#8220; url_new_window=&#8220;on&#8220; button_text=&#8220;Intensivtage Februar&#8220; disabled_on=&#8220;off|off|off&#8220; _builder_version=&#8220;4.27.5&#8243; _module_preset=&#8220;default&#8220; custom_margin=&#8220;|20px||20px|false|false&#8220; custom_padding=&#8220;|27px||27px|false|false&#8220; global_colors_info=&#8220;{}&#8220;][\/et_pb_button][et_pb_button button_url=&#8220;https:\/\/wp09.pm-infra.de\/wp-content\/uploads\/2026\/02\/2026_03_Mrz_Infobl_Intenstage_Italien_.pdf&#8220; url_new_window=&#8220;on&#8220; button_text=&#8220;Intensivtage M\u00e4rz&#8220; disabled_on=&#8220;off|off|off&#8220; _builder_version=&#8220;4.27.5&#8243; _module_preset=&#8220;default&#8220; custom_margin=&#8220;|20px||20px|false|false&#8220; custom_padding=&#8220;|43px||43px|false|false&#8220; hover_enabled=&#8220;0&#8243; global_colors_info=&#8220;{}&#8220; sticky_enabled=&#8220;0&#8243;][\/et_pb_button][et_pb_button button_url=&#8220;https:\/\/wp09.pm-infra.de\/wp-content\/uploads\/2026\/02\/2026_04_Apr_Infobl_Intenstage_Italien_.pdf&#8220; url_new_window=&#8220;on&#8220; button_text=&#8220;Intensivtage April&#8220; disabled_on=&#8220;off|off|off&#8220; _builder_version=&#8220;4.27.5&#8243; _module_preset=&#8220;default&#8220; custom_margin=&#8220;|20px||20px|false|false&#8220; custom_padding=&#8220;|44px||44px|false|false&#8220; hover_enabled=&#8220;0&#8243; global_colors_info=&#8220;{}&#8220; sticky_enabled=&#8220;0&#8243;][\/et_pb_button][et_pb_button button_url=&#8220;https:\/\/wp09.pm-infra.de\/wp-content\/uploads\/2026\/02\/2026_05_Mai_Infobl_Intenstage_Italien_.pdf&#8220; url_new_window=&#8220;on&#8220; button_text=&#8220;Intensivtage Mai&#8220; disabled_on=&#8220;off|off|off&#8220; _builder_version=&#8220;4.27.5&#8243; _module_preset=&#8220;default&#8220; custom_margin=&#8220;|20px||20px|false|false&#8220; custom_padding=&#8220;|52px||52px|false|false&#8220; hover_enabled=&#8220;0&#8243; global_colors_info=&#8220;{}&#8220; sticky_enabled=&#8220;0&#8243;][\/et_pb_button][\/et_pb_column][\/et_pb_row][\/et_pb_section][et_pb_section fb_built=&#8220;1&#8243; _builder_version=&#8220;4.27.4&#8243; _module_preset=&#8220;default&#8220; background_color=&#8220;rgba(160,160,125,0.09)&#8220; custom_padding=&#8220;100px||18px|||&#8220; global_colors_info=&#8220;{}&#8220;][et_pb_row column_structure=&#8220;1_2,1_2&#8243; _builder_version=&#8220;4.25.1&#8243; _module_preset=&#8220;default&#8220; custom_margin=&#8220;|auto|101px|auto||&#8220; global_colors_info=&#8220;{}&#8220;][et_pb_column type=&#8220;1_2&#8243; _builder_version=&#8220;4.25.1&#8243; _module_preset=&#8220;default&#8220; global_colors_info=&#8220;{}&#8220;][et_pb_text _builder_version=&#8220;4.25.1&#8243; _module_preset=&#8220;default&#8220; header_2_font=&#8220;Roboto Light Version||||||||&#8220; header_2_font_size=&#8220;29px&#8220; custom_margin=&#8220;|20px||20px|false|false&#8220; global_colors_info=&#8220;{}&#8220;]<\/p>\n<h2>Unsere Angebote<\/h2>\n<p>[\/et_pb_text][et_pb_divider color=&#8220;#a07300&#8243; divider_position=&#8220;center&#8220; divider_weight=&#8220;2px&#8220; disabled_on=&#8220;off|off|off%22&#8243; admin_label=&#8220;Divider&#8220; _builder_version=&#8220;4.25.1&#8243; max_width=&#8220;150px&#8220; height=&#8220;false&#8220; custom_margin=&#8220;30px|20px||20px|false|false&#8220; animation_style=&#8220;slide&#8220; animation_direction=&#8220;top&#8220; animation_delay=&#8220;100ms&#8220; animation_intensity_slide=&#8220;10%&#8220; locked=&#8220;off&#8220; global_colors_info=&#8220;{}&#8220;][\/et_pb_divider][et_pb_text _builder_version=&#8220;4.25.1&#8243; _module_preset=&#8220;default&#8220; text_font=&#8220;Lato||||||||&#8220; text_letter_spacing=&#8220;1px&#8220; text_line_height=&#8220;1.9em&#8220; header_3_font=&#8220;Lato|600|||||||&#8220; header_3_font_size=&#8220;19px&#8220; custom_margin=&#8220;|20px|1px|20px|false|false&#8220; global_colors_info=&#8220;{}&#8220;]<\/p>\n<h3>F\u00fcr Erwachsene<\/h3>\n<p>[\/et_pb_text][et_pb_text _builder_version=&#8220;4.27.4&#8243; _module_preset=&#8220;default&#8220; text_font=&#8220;Lato||||||||&#8220; text_letter_spacing=&#8220;1px&#8220; text_line_height=&#8220;1.9em&#8220; ul_font=&#8220;&#8211;et_global_body_font||||||||&#8220; ul_letter_spacing=&#8220;1px&#8220; ul_line_height=&#8220;1.9em&#8220; custom_margin=&#8220;|20px|0px|20px|false|false&#8220; global_colors_info=&#8220;{}&#8220;]<\/p>\n<ul>\n<li><a href=\"https:\/\/philippimethode.de\/die-methode\/#anker1\" target=\"_blank\" rel=\"noopener\">Bioenergetische Motivation<\/a><\/li>\n<li><a href=\"https:\/\/wp09.pm-infra.de\/#anker1\">Intensivtage<\/a> f\u00fcr schwer Betroffene und alle, die ihre Gesundheit intensiv unterst\u00fctzen m\u00f6chten (1-3 aufeinanderfolgende Tage, je 3<br \/>Bioenergetische Motivationen pro Tag)<\/li>\n<li><a href=\"https:\/\/zukunftohnestress.de\" target=\"_blank\" rel=\"noopener\">Stressabbau-Motivation (SAM)<\/a><\/li>\n<li><a href=\"https:\/\/philippimethode.de\/die-methode\/#anker2\" target=\"_blank\" rel=\"noopener\">Stressabbau-Massage Atlantis I und II<\/a><\/li>\n<li><a href=\"https:\/\/philippimethode.de\/die-methode\/#anker5\" target=\"_blank\" rel=\"noopener\">Motivationswanderung<\/a><\/li>\n<li><a href=\"https:\/\/philippimethode.de\/vortragsreihe-mit-viktor-philippi\/\" target=\"_blank\" rel=\"noopener\">Vortr\u00e4ge<\/a><\/li>\n<\/ul>\n<p>[\/et_pb_text][et_pb_text _builder_version=&#8220;4.25.1&#8243; _module_preset=&#8220;default&#8220; text_font=&#8220;Lato||||||||&#8220; text_letter_spacing=&#8220;1px&#8220; text_line_height=&#8220;1.9em&#8220; header_3_font=&#8220;Lato|600|||||||&#8220; header_3_font_size=&#8220;19px&#8220; custom_margin=&#8220;11px|20px|11px|20px|false|false&#8220; global_colors_info=&#8220;{}&#8220;]<\/p>\n<h3>F\u00fcr Kinder<\/h3>\n<p>[\/et_pb_text][et_pb_text _builder_version=&#8220;4.25.1&#8243; _module_preset=&#8220;default&#8220; text_font=&#8220;Lato||||||||&#8220; text_letter_spacing=&#8220;1px&#8220; text_line_height=&#8220;1.9em&#8220; ul_font=&#8220;Lato||||||||&#8220; ul_letter_spacing=&#8220;1px&#8220; ul_line_height=&#8220;1.9em&#8220; custom_margin=&#8220;|20px|5px|20px|false|false&#8220; global_colors_info=&#8220;{}&#8220;]<\/p>\n<ul>\n<li><a href=\"https:\/\/philippimethode.de\/die-methode\/#anker1\" target=\"_blank\" rel=\"noopener\">Bioenergetische Motivation<\/a><\/li>\n<li><a href=\"https:\/\/philippimethode.de\/die-methode\/#anker4\" target=\"_blank\" rel=\"noopener\">\u201eEin Wirbelwind genie\u00dft die Ruhe?!\u201c<\/a><\/li>\n<li><a href=\"https:\/\/philippimethode.de\/die-methode\/#anker2\" target=\"_blank\" rel=\"noopener\">Stressabbau-Massage Atlantis I<\/a><\/li>\n<\/ul>\n<p>[\/et_pb_text][et_pb_text _builder_version=&#8220;4.25.1&#8243; _module_preset=&#8220;default&#8220; text_font=&#8220;Lato||||||||&#8220; text_letter_spacing=&#8220;1px&#8220; text_line_height=&#8220;1.9em&#8220; header_3_font=&#8220;Lato|600|||||||&#8220; header_3_font_size=&#8220;19px&#8220; custom_margin=&#8220;|20px|-1px|20px|false|false&#8220; global_colors_info=&#8220;{}&#8220;]<\/p>\n<h3>F\u00fcr Unternehmen<\/h3>\n<p>[\/et_pb_text][et_pb_text _builder_version=&#8220;4.25.1&#8243; _module_preset=&#8220;default&#8220; text_font=&#8220;Lato||||||||&#8220; text_letter_spacing=&#8220;1px&#8220; text_line_height=&#8220;1.9em&#8220; ul_font=&#8220;Lato||||||||&#8220; ul_letter_spacing=&#8220;1px&#8220; ul_line_height=&#8220;1.9em&#8220; custom_margin=&#8220;|20px||20px|false|false&#8220; custom_padding=&#8220;12px|||||&#8220; global_colors_info=&#8220;{}&#8220;]<\/p>\n<ul>\n<li>Innerbetriebliche Gesundheitstage<\/li>\n<li>Individuelle Angebote f\u00fcr Betriebe<\/li>\n<\/ul>\n<p>[\/et_pb_text][\/et_pb_column][et_pb_column type=&#8220;1_2&#8243; _builder_version=&#8220;4.25.1&#8243; _module_preset=&#8220;default&#8220; global_colors_info=&#8220;{}&#8220;][et_pb_image src=&#8220;https:\/\/wp09.pm-infra.de\/wp-content\/uploads\/2024\/05\/MG_5283.2.jpg&#8220; title_text=&#8220;_MG_5283.2&#8243; _builder_version=&#8220;4.25.1&#8243; _module_preset=&#8220;default&#8220; custom_margin=&#8220;|20px||20px|false|false&#8220; global_colors_info=&#8220;{}&#8220;][\/et_pb_image][et_pb_text _builder_version=&#8220;4.25.1&#8243; _module_preset=&#8220;default&#8220; text_font=&#8220;Lato||||||||&#8220; text_letter_spacing=&#8220;1px&#8220; text_line_height=&#8220;1.9em&#8220; header_3_font=&#8220;Lato|600|||||||&#8220; header_3_font_size=&#8220;19px&#8220; custom_margin=&#8220;|20px|-1px|20px|false|false&#8220; global_colors_info=&#8220;{}&#8220;]<\/p>\n<h3>Sprechen sie uns an:<\/h3>\n<p>[\/et_pb_text][et_pb_text _builder_version=&#8220;4.25.1&#8243; _module_preset=&#8220;default&#8220; text_font=&#8220;Lato||||||||&#8220; text_letter_spacing=&#8220;1px&#8220; text_line_height=&#8220;1.9em&#8220; ul_font=&#8220;Lato||||||||&#8220; ul_letter_spacing=&#8220;1px&#8220; ul_line_height=&#8220;1.9em&#8220; custom_margin=&#8220;|20px||20px|false|false&#8220; custom_padding=&#8220;12px|||||&#8220; global_colors_info=&#8220;{}&#8220;]<\/p>\n<p><strong><\/strong>Tel.: 0039 388 4633123<br \/><a href=\"mailto:forum-bruneck@seelenwellness.it\">forum-bruneck@seelenwellness.it<\/a><\/p>\n<p>[\/et_pb_text][\/et_pb_column][\/et_pb_row][\/et_pb_section][et_pb_section fb_built=&#8220;1&#8243; _builder_version=&#8220;4.27.4&#8243; _module_preset=&#8220;default&#8220; background_image=&#8220;https:\/\/wp09.pm-infra.de\/wp-content\/uploads\/2024\/12\/shutterstock_4947089202-1.jpg&#8220; custom_padding=&#8220;79px||411px|||&#8220; global_colors_info=&#8220;{}&#8220;][et_pb_row _builder_version=&#8220;4.25.1&#8243; _module_preset=&#8220;default&#8220; global_colors_info=&#8220;{}&#8220;][et_pb_column type=&#8220;4_4&#8243; _builder_version=&#8220;4.25.1&#8243; _module_preset=&#8220;default&#8220; global_colors_info=&#8220;{}&#8220;][et_pb_text _builder_version=&#8220;4.27.0&#8243; _module_preset=&#8220;default&#8220; header_2_font=&#8220;Roboto Light Version||||||||&#8220; header_2_text_color=&#8220;#565656&#8243; header_2_font_size=&#8220;29px&#8220; custom_margin=&#8220;|20px||20px|false|false&#8220; global_colors_info=&#8220;{}&#8220;]<\/p>\n<h2 style=\"text-align: center;\">Wir freuen uns auf Sie!<\/h2>\n<p>[\/et_pb_text][et_pb_divider color=&#8220;#a07300&#8243; divider_position=&#8220;center&#8220; divider_weight=&#8220;2px&#8220; disabled_on=&#8220;off|off|off%22&#8243; admin_label=&#8220;Divider&#8220; _builder_version=&#8220;4.27.0&#8243; max_width=&#8220;150px&#8220; module_alignment=&#8220;center&#8220; height=&#8220;false&#8220; custom_margin=&#8220;30px|20px||20px|false|false&#8220; animation_style=&#8220;slide&#8220; animation_direction=&#8220;top&#8220; animation_delay=&#8220;100ms&#8220; animation_intensity_slide=&#8220;10%&#8220; locked=&#8220;off&#8220; global_colors_info=&#8220;{}&#8220;][\/et_pb_divider][et_pb_text _builder_version=&#8220;4.27.0&#8243; _module_preset=&#8220;default&#8220; text_font=&#8220;Lato||||||||&#8220; text_text_color=&#8220;#565656&#8243; text_letter_spacing=&#8220;1px&#8220; text_line_height=&#8220;1.8em&#8220; custom_margin=&#8220;|20px||20px|false|false&#8220; global_colors_info=&#8220;{}&#8220;]<\/p>\n<p style=\"text-align: center;\">Forum Gesundheit Bruneck<\/p>\n<p style=\"text-align: center;\">Johann Georg Mahl Stra\u00dfe 28<br \/>39031 Bruneck<\/p>\n<p>[\/et_pb_text][\/et_pb_column][\/et_pb_row][\/et_pb_section]<\/p>\n","protected":false},"excerpt":{"rendered":"<p>Forum Gesundheit BruneckPhilippi-MethodeNEU: \u00c4rztetagung am 29.11.2025Unter dem Titel &#8222;Die Seele zuerst&#8220; findet in Kooperation mit der Internationalen \u00c4rztegesellschaft f\u00fcr Bioinformationstherapie e. V. am 29.11.2025 eine \u00c4rztetagung f\u00fcr \u00c4rzte, Interessierte oder Betroffene statt.Das Forum entdeckenUnweit des Brunecker Stadtzentrums liegt eine versteckte Oase, in der Sie Kraft tanken und genesen k\u00f6nnen. In angenehmer Atmosph\u00e4re st\u00e4rken, schonen und [&hellip;]<\/p>\n","protected":false},"author":2,"featured_media":0,"parent":0,"menu_order":0,"comment_status":"closed","ping_status":"closed","template":"","meta":{"_et_pb_use_builder":"on","_et_pb_old_content":"","_et_gb_content_width":"","iawp_total_views":1133,"footnotes":""},"class_list":["post-42","page","type-page","status-publish","hentry"],"yoast_head":"<!-- This site is optimized with the Yoast SEO plugin v27.3 - https:\/\/yoast.com\/product\/yoast-seo-wordpress\/ -->\n<title>Forum Bruneck - Seelenwellness GmbH Italien<\/title>\n<meta name=\"robots\" content=\"noindex, follow, max-snippet:-1, max-image-preview:large, max-video-preview:-1\" \/>\n<meta property=\"og:locale\" content=\"de_DE\" \/>\n<meta property=\"og:type\" content=\"article\" \/>\n<meta property=\"og:title\" content=\"Forum Bruneck - Seelenwellness GmbH Italien\" \/>\n<meta property=\"og:description\" content=\"Forum Gesundheit BruneckPhilippi-MethodeNEU: \u00c4rztetagung am 29.11.2025Unter dem Titel &quot;Die Seele zuerst&quot; findet in Kooperation mit der Internationalen \u00c4rztegesellschaft f\u00fcr Bioinformationstherapie e. V. am 29.11.2025 eine \u00c4rztetagung f\u00fcr \u00c4rzte, Interessierte oder Betroffene statt.Das Forum entdeckenUnweit des Brunecker Stadtzentrums liegt eine versteckte Oase, in der Sie Kraft tanken und genesen k\u00f6nnen. In angenehmer Atmosph\u00e4re st\u00e4rken, schonen und [&hellip;]\" \/>\n<meta property=\"og:url\" content=\"https:\/\/wp09.pm-infra.de\/\" \/>\n<meta property=\"og:site_name\" content=\"Seelenwellness GmbH Italien\" \/>\n<meta property=\"article:modified_time\" content=\"2026-02-09T15:52:05+00:00\" \/>\n<meta name=\"twitter:card\" content=\"summary_large_image\" \/>\n<meta name=\"twitter:label1\" content=\"Gesch\u00e4tzte Lesezeit\" \/>\n\t<meta name=\"twitter:data1\" content=\"1\u00a0Minute\" \/>\n<script type=\"application\/ld+json\" class=\"yoast-schema-graph\">{\"@context\":\"https:\\\/\\\/schema.org\",\"@graph\":[{\"@type\":\"WebPage\",\"@id\":\"https:\\\/\\\/wp09.pm-infra.de\\\/\",\"url\":\"https:\\\/\\\/wp09.pm-infra.de\\\/\",\"name\":\"Forum Bruneck - Seelenwellness GmbH Italien\",\"isPartOf\":{\"@id\":\"https:\\\/\\\/wp09.pm-infra.de\\\/#website\"},\"datePublished\":\"2024-05-30T09:02:16+00:00\",\"dateModified\":\"2026-02-09T15:52:05+00:00\",\"breadcrumb\":{\"@id\":\"https:\\\/\\\/wp09.pm-infra.de\\\/#breadcrumb\"},\"inLanguage\":\"de\",\"potentialAction\":[{\"@type\":\"ReadAction\",\"target\":[\"https:\\\/\\\/wp09.pm-infra.de\\\/\"]}]},{\"@type\":\"BreadcrumbList\",\"@id\":\"https:\\\/\\\/wp09.pm-infra.de\\\/#breadcrumb\",\"itemListElement\":[{\"@type\":\"ListItem\",\"position\":1,\"name\":\"Startseite\",\"item\":\"https:\\\/\\\/wp09.pm-infra.de\\\/\"},{\"@type\":\"ListItem\",\"position\":2,\"name\":\"Forum Bruneck\"}]},{\"@type\":\"WebSite\",\"@id\":\"https:\\\/\\\/wp09.pm-infra.de\\\/#website\",\"url\":\"https:\\\/\\\/wp09.pm-infra.de\\\/\",\"name\":\"Seelenwellness GmbH Italien\",\"description\":\"\",\"potentialAction\":[{\"@type\":\"SearchAction\",\"target\":{\"@type\":\"EntryPoint\",\"urlTemplate\":\"https:\\\/\\\/wp09.pm-infra.de\\\/?s={search_term_string}\"},\"query-input\":{\"@type\":\"PropertyValueSpecification\",\"valueRequired\":true,\"valueName\":\"search_term_string\"}}],\"inLanguage\":\"de\"}]}<\/script>\n<!-- \/ Yoast SEO plugin. -->","yoast_head_json":{"title":"Forum Bruneck - Seelenwellness GmbH Italien","robots":{"index":"noindex","follow":"follow","max-snippet":"max-snippet:-1","max-image-preview":"max-image-preview:large","max-video-preview":"max-video-preview:-1"},"og_locale":"de_DE","og_type":"article","og_title":"Forum Bruneck - Seelenwellness GmbH Italien","og_description":"Forum Gesundheit BruneckPhilippi-MethodeNEU: \u00c4rztetagung am 29.11.2025Unter dem Titel \"Die Seele zuerst\" findet in Kooperation mit der Internationalen \u00c4rztegesellschaft f\u00fcr Bioinformationstherapie e. V. am 29.11.2025 eine \u00c4rztetagung f\u00fcr \u00c4rzte, Interessierte oder Betroffene statt.Das Forum entdeckenUnweit des Brunecker Stadtzentrums liegt eine versteckte Oase, in der Sie Kraft tanken und genesen k\u00f6nnen. In angenehmer Atmosph\u00e4re st\u00e4rken, schonen und [&hellip;]","og_url":"https:\/\/wp09.pm-infra.de\/","og_site_name":"Seelenwellness GmbH Italien","article_modified_time":"2026-02-09T15:52:05+00:00","twitter_card":"summary_large_image","twitter_misc":{"Gesch\u00e4tzte Lesezeit":"1\u00a0Minute"},"schema":{"@context":"https:\/\/schema.org","@graph":[{"@type":"WebPage","@id":"https:\/\/wp09.pm-infra.de\/","url":"https:\/\/wp09.pm-infra.de\/","name":"Forum Bruneck - Seelenwellness GmbH Italien","isPartOf":{"@id":"https:\/\/wp09.pm-infra.de\/#website"},"datePublished":"2024-05-30T09:02:16+00:00","dateModified":"2026-02-09T15:52:05+00:00","breadcrumb":{"@id":"https:\/\/wp09.pm-infra.de\/#breadcrumb"},"inLanguage":"de","potentialAction":[{"@type":"ReadAction","target":["https:\/\/wp09.pm-infra.de\/"]}]},{"@type":"BreadcrumbList","@id":"https:\/\/wp09.pm-infra.de\/#breadcrumb","itemListElement":[{"@type":"ListItem","position":1,"name":"Startseite","item":"https:\/\/wp09.pm-infra.de\/"},{"@type":"ListItem","position":2,"name":"Forum Bruneck"}]},{"@type":"WebSite","@id":"https:\/\/wp09.pm-infra.de\/#website","url":"https:\/\/wp09.pm-infra.de\/","name":"Seelenwellness GmbH Italien","description":"","potentialAction":[{"@type":"SearchAction","target":{"@type":"EntryPoint","urlTemplate":"https:\/\/wp09.pm-infra.de\/?s={search_term_string}"},"query-input":{"@type":"PropertyValueSpecification","valueRequired":true,"valueName":"search_term_string"}}],"inLanguage":"de"}]}},"_links":{"self":[{"href":"https:\/\/wp09.pm-infra.de\/index.php?rest_route=\/wp\/v2\/pages\/42","targetHints":{"allow":["GET"]}}],"collection":[{"href":"https:\/\/wp09.pm-infra.de\/index.php?rest_route=\/wp\/v2\/pages"}],"about":[{"href":"https:\/\/wp09.pm-infra.de\/index.php?rest_route=\/wp\/v2\/types\/page"}],"author":[{"embeddable":true,"href":"https:\/\/wp09.pm-infra.de\/index.php?rest_route=\/wp\/v2\/users\/2"}],"replies":[{"embeddable":true,"href":"https:\/\/wp09.pm-infra.de\/index.php?rest_route=%2Fwp%2Fv2%2Fcomments&post=42"}],"version-history":[{"count":146,"href":"https:\/\/wp09.pm-infra.de\/index.php?rest_route=\/wp\/v2\/pages\/42\/revisions"}],"predecessor-version":[{"id":513,"href":"https:\/\/wp09.pm-infra.de\/index.php?rest_route=\/wp\/v2\/pages\/42\/revisions\/513"}],"wp:attachment":[{"href":"https:\/\/wp09.pm-infra.de\/index.php?rest_route=%2Fwp%2Fv2%2Fmedia&parent=42"}],"curies":[{"name":"wp","href":"https:\/\/api.w.org\/{rel}","templated":true}]}}