{"id":344,"date":"2024-08-06T16:30:50","date_gmt":"2024-08-06T14:30:50","guid":{"rendered":"https:\/\/wp09.pm-infra.de\/?page_id=344"},"modified":"2025-06-20T17:20:46","modified_gmt":"2025-06-20T15:20:46","slug":"impressum","status":"publish","type":"page","link":"https:\/\/wp09.pm-infra.de\/?page_id=344","title":{"rendered":"Impressum"},"content":{"rendered":"<p>[et_pb_section fb_built=&#8220;1&#8243; _builder_version=&#8220;4.25.1&#8243; _module_preset=&#8220;default&#8220; custom_padding=&#8220;100px||104px|||&#8220; global_colors_info=&#8220;{}&#8220;][et_pb_row _builder_version=&#8220;4.25.1&#8243; _module_preset=&#8220;default&#8220; custom_padding=&#8220;27px|||||&#8220; global_colors_info=&#8220;{}&#8220;][et_pb_column type=&#8220;4_4&#8243; _builder_version=&#8220;4.25.1&#8243; _module_preset=&#8220;default&#8220; global_colors_info=&#8220;{}&#8220;][et_pb_text _builder_version=&#8220;4.27.0&#8243; _module_preset=&#8220;default&#8220; header_font=&#8220;Roboto Light Version||||||||&#8220; header_2_font=&#8220;Roboto Light Version||||||||&#8220; header_2_font_size=&#8220;29px&#8220; global_colors_info=&#8220;{}&#8220;]<\/p>\n<h1>Impressum<\/h1>\n<p>[\/et_pb_text][et_pb_divider color=&#8220;#a07300&#8243; divider_position=&#8220;center&#8220; divider_weight=&#8220;2px&#8220; disabled_on=&#8220;off|off|off%22&#8243; admin_label=&#8220;Divider&#8220; _builder_version=&#8220;4.25.1&#8243; max_width=&#8220;150px&#8220; height=&#8220;false&#8220; custom_margin=&#8220;30px|||&#8220; animation_style=&#8220;slide&#8220; animation_direction=&#8220;top&#8220; animation_delay=&#8220;100ms&#8220; animation_intensity_slide=&#8220;10%&#8220; locked=&#8220;off&#8220; global_colors_info=&#8220;{}&#8220;][\/et_pb_divider][et_pb_text _builder_version=&#8220;4.27.4&#8243; _module_preset=&#8220;default&#8220; text_font=&#8220;Lato||||||||&#8220; text_letter_spacing=&#8220;1px&#8220; text_line_height=&#8220;1.9em&#8220; hover_enabled=&#8220;0&#8243; global_colors_info=&#8220;{}&#8220; sticky_enabled=&#8220;0&#8243;]<\/p>\n<p>Seelenwellness GmbH<br \/>Sohlander Str. 2<br \/>02689 Sohland an der Spree<\/p>\n<p>Niederlassung Italien: J. G. Mahlstra\u00dfe 28, 39031 Bruneck<\/p>\n<p>Tel.: +49 35936 \/ 45 70 0<br \/>E-Mail: <a href=\"mailto:info@seelenwellness.de\">info@seelenwellness.de<\/a>\u00a0<\/p>\n<p>Gesch\u00e4ftsf\u00fchrung: Viktor Philippi, Katja Rode<br \/>Handelsregister: HRB 39865<\/p>\n<p>Umsatzsteuer ID gem\u00e4\u00df \u00a727a UStG: DE338017568<\/p>\n<p>Steuer-ID: 204\/118\/04209<\/p>\n<p>Registergericht: Amtsgericht Dresden<\/p>\n<p>Inhaltlich verantwortlich gem\u00e4\u00df \u00a7 5 TMG:<\/p>\n<p>Viktor Philippi<\/p>\n<p>Diese Internetseite entspricht den aktuellen Web-Standards.<\/p>\n<p>Wir sind bem\u00fcht, die Inhalte auf den Internetseiten zeitnah, vollst\u00e4ndig und richtig zu gestalten. Eine Gew\u00e4hr f\u00fcr die Aktualit\u00e4t, Richtigkeit und Vollst\u00e4ndigkeit der Angaben kann nicht \u00fcbernommen werden. Gleichfalls ausgeschlossen ist eine Gew\u00e4hr f\u00fcr den st\u00e4ndigen ungehinderten Zugang zu den Inhalten. Trotz sorgf\u00e4ltiger inhaltlicher Kontrolle \u00fcbernehmen wir keine Haftung f\u00fcr die Inhalte externer Links. F\u00fcr den Inhalt der verlinkten Seiten sind ausschlie\u00dflich deren Betreiber verantwortlich. Diese Inhalte k\u00f6nnen nicht fortlaufend von uns kontrolliert werden. Es wird daher f\u00fcr die Inhalte von Internetseiten fremder Anbieter keine Haftung \u00fcbernommen. Durch das Anklicken externer Links verlassen Sie das Angebot und den Verantwortungsbereich unserer Webseite.<\/p>\n<p>Diese Webseite ist durch Copyright, Rechte an geistigem Eigentum und allen anderen entsprechenden Rechten gesch\u00fctzt. Die Webseite wird von uns ver\u00f6ffentlicht und darf nur durch Herunterladen und Anzeigen auf einem einzelnen Computer und\/oder durch einen einzelnen Ausdruck f\u00fcr den privaten oder internen gesch\u00e4ftlichen Bedarf vervielf\u00e4ltigt werden. Die Webseite darf ohne vorherige schriftliche Genehmigung durch uns auf keine andere Weise vervielf\u00e4ltigt, \u00fcbertragen oder in einem Netzwerk verf\u00fcgbar gemacht werden. Alle weiteren Rechte bleiben vorbehalten.<\/p>\n<p>Alle Bilder sind urheberrechtlich gesch\u00fctzt. Ein Kopieren und Verwenden der Bilder jeglicher Art bedarf der ausdr\u00fccklichen Zustimmung des Inhabers der Webseite.<\/p>\n<p>Umsetzung der Webseite: Seelenwellness GmbH<\/p>\n<p>Verwendete Bilder: Urheber Isabel de Crasto;\u00a0 Shutterstock Nr. 2050115006 Urheber Olena Yakobchuk; Shutterstock Nr. 2161396067 Elenkina<\/p>\n<p>[\/et_pb_text][\/et_pb_column][\/et_pb_row][\/et_pb_section][et_pb_section fb_built=&#8220;1&#8243; _builder_version=&#8220;4.27.4&#8243; _module_preset=&#8220;default&#8220; background_image=&#8220;https:\/\/wp09.pm-infra.de\/wp-content\/uploads\/2024\/12\/shutterstock_4947089202-1.jpg&#8220; custom_padding=&#8220;79px||411px|||&#8220; global_colors_info=&#8220;{}&#8220;][et_pb_row _builder_version=&#8220;4.25.1&#8243; _module_preset=&#8220;default&#8220; global_colors_info=&#8220;{}&#8220;][et_pb_column type=&#8220;4_4&#8243; _builder_version=&#8220;4.25.1&#8243; _module_preset=&#8220;default&#8220; global_colors_info=&#8220;{}&#8220;][et_pb_text _builder_version=&#8220;4.27.0&#8243; _module_preset=&#8220;default&#8220; header_2_font=&#8220;Roboto Light Version||||||||&#8220; header_2_text_color=&#8220;#565656&#8243; header_2_font_size=&#8220;29px&#8220; custom_margin=&#8220;|20px||20px|false|false&#8220; global_colors_info=&#8220;{}&#8220;]<\/p>\n<h2 style=\"text-align: center;\">Wir freuen uns auf Sie!<\/h2>\n<p>[\/et_pb_text][et_pb_divider color=&#8220;#a07300&#8243; divider_position=&#8220;center&#8220; divider_weight=&#8220;2px&#8220; disabled_on=&#8220;off|off|off%22&#8243; admin_label=&#8220;Divider&#8220; _builder_version=&#8220;4.27.0&#8243; max_width=&#8220;150px&#8220; module_alignment=&#8220;center&#8220; height=&#8220;false&#8220; custom_margin=&#8220;30px|20px||20px|false|false&#8220; animation_style=&#8220;slide&#8220; animation_direction=&#8220;top&#8220; animation_delay=&#8220;100ms&#8220; animation_intensity_slide=&#8220;10%&#8220; locked=&#8220;off&#8220; global_colors_info=&#8220;{}&#8220;][\/et_pb_divider][et_pb_text _builder_version=&#8220;4.27.0&#8243; _module_preset=&#8220;default&#8220; text_font=&#8220;Lato||||||||&#8220; text_text_color=&#8220;#565656&#8243; text_letter_spacing=&#8220;1px&#8220; text_line_height=&#8220;1.8em&#8220; custom_margin=&#8220;|20px||20px|false|false&#8220; global_colors_info=&#8220;{}&#8220;]<\/p>\n<p style=\"text-align: center;\">Forum Gesundheit Bruneck<\/p>\n<p style=\"text-align: center;\">Johann Georg Mahl Stra\u00dfe 28<br \/>39031 Bruneck<\/p>\n<p>[\/et_pb_text][\/et_pb_column][\/et_pb_row][\/et_pb_section]<\/p>\n","protected":false},"excerpt":{"rendered":"<p>ImpressumSeelenwellness GmbHSohlander Str. 202689 Sohland an der Spree Niederlassung Italien: J. G. Mahlstra\u00dfe 28, 39031 Bruneck Tel.: +49 35936 \/ 45 70 0E-Mail: info@seelenwellness.de\u00a0 Gesch\u00e4ftsf\u00fchrung: Viktor Philippi, Katja RodeHandelsregister: HRB 39865 Umsatzsteuer ID gem\u00e4\u00df \u00a727a UStG: DE338017568 Steuer-ID: 204\/118\/04209 Registergericht: Amtsgericht Dresden Inhaltlich verantwortlich gem\u00e4\u00df \u00a7 5 TMG: Viktor Philippi Diese Internetseite entspricht den aktuellen [&hellip;]<\/p>\n","protected":false},"author":2,"featured_media":0,"parent":0,"menu_order":0,"comment_status":"closed","ping_status":"closed","template":"","meta":{"_et_pb_use_builder":"on","_et_pb_old_content":"","_et_gb_content_width":"","iawp_total_views":37,"footnotes":""},"class_list":["post-344","page","type-page","status-publish","hentry"],"yoast_head":"<!-- This site is optimized with the Yoast SEO plugin v27.3 - https:\/\/yoast.com\/product\/yoast-seo-wordpress\/ -->\n<title>Impressum - Seelenwellness GmbH Italien<\/title>\n<meta name=\"robots\" content=\"noindex, follow, max-snippet:-1, max-image-preview:large, max-video-preview:-1\" \/>\n<meta property=\"og:locale\" content=\"de_DE\" \/>\n<meta property=\"og:type\" content=\"article\" \/>\n<meta property=\"og:title\" content=\"Impressum - Seelenwellness GmbH Italien\" \/>\n<meta property=\"og:description\" content=\"ImpressumSeelenwellness GmbHSohlander Str. 202689 Sohland an der Spree Niederlassung Italien: J. G. Mahlstra\u00dfe 28, 39031 Bruneck Tel.: +49 35936 \/ 45 70 0E-Mail: info@seelenwellness.de\u00a0 Gesch\u00e4ftsf\u00fchrung: Viktor Philippi, Katja RodeHandelsregister: HRB 39865 Umsatzsteuer ID gem\u00e4\u00df \u00a727a UStG: DE338017568 Steuer-ID: 204\/118\/04209 Registergericht: Amtsgericht Dresden Inhaltlich verantwortlich gem\u00e4\u00df \u00a7 5 TMG: Viktor Philippi Diese Internetseite entspricht den aktuellen [&hellip;]\" \/>\n<meta property=\"og:url\" content=\"https:\/\/wp09.pm-infra.de\/?page_id=344\" \/>\n<meta property=\"og:site_name\" content=\"Seelenwellness GmbH Italien\" \/>\n<meta property=\"article:modified_time\" content=\"2025-06-20T15:20:46+00:00\" \/>\n<meta name=\"twitter:card\" content=\"summary_large_image\" \/>\n<meta name=\"twitter:label1\" content=\"Gesch\u00e4tzte Lesezeit\" \/>\n\t<meta name=\"twitter:data1\" content=\"2\u00a0Minuten\" \/>\n<script type=\"application\/ld+json\" class=\"yoast-schema-graph\">{\"@context\":\"https:\\\/\\\/schema.org\",\"@graph\":[{\"@type\":\"WebPage\",\"@id\":\"https:\\\/\\\/wp09.pm-infra.de\\\/?page_id=344\",\"url\":\"https:\\\/\\\/wp09.pm-infra.de\\\/?page_id=344\",\"name\":\"Impressum - Seelenwellness GmbH Italien\",\"isPartOf\":{\"@id\":\"https:\\\/\\\/wp09.pm-infra.de\\\/#website\"},\"datePublished\":\"2024-08-06T14:30:50+00:00\",\"dateModified\":\"2025-06-20T15:20:46+00:00\",\"breadcrumb\":{\"@id\":\"https:\\\/\\\/wp09.pm-infra.de\\\/?page_id=344#breadcrumb\"},\"inLanguage\":\"de\",\"potentialAction\":[{\"@type\":\"ReadAction\",\"target\":[\"https:\\\/\\\/wp09.pm-infra.de\\\/?page_id=344\"]}]},{\"@type\":\"BreadcrumbList\",\"@id\":\"https:\\\/\\\/wp09.pm-infra.de\\\/?page_id=344#breadcrumb\",\"itemListElement\":[{\"@type\":\"ListItem\",\"position\":1,\"name\":\"Startseite\",\"item\":\"https:\\\/\\\/wp09.pm-infra.de\\\/\"},{\"@type\":\"ListItem\",\"position\":2,\"name\":\"Impressum\"}]},{\"@type\":\"WebSite\",\"@id\":\"https:\\\/\\\/wp09.pm-infra.de\\\/#website\",\"url\":\"https:\\\/\\\/wp09.pm-infra.de\\\/\",\"name\":\"Seelenwellness GmbH Italien\",\"description\":\"\",\"potentialAction\":[{\"@type\":\"SearchAction\",\"target\":{\"@type\":\"EntryPoint\",\"urlTemplate\":\"https:\\\/\\\/wp09.pm-infra.de\\\/?s={search_term_string}\"},\"query-input\":{\"@type\":\"PropertyValueSpecification\",\"valueRequired\":true,\"valueName\":\"search_term_string\"}}],\"inLanguage\":\"de\"}]}<\/script>\n<!-- \/ Yoast SEO plugin. -->","yoast_head_json":{"title":"Impressum - Seelenwellness GmbH Italien","robots":{"index":"noindex","follow":"follow","max-snippet":"max-snippet:-1","max-image-preview":"max-image-preview:large","max-video-preview":"max-video-preview:-1"},"og_locale":"de_DE","og_type":"article","og_title":"Impressum - Seelenwellness GmbH Italien","og_description":"ImpressumSeelenwellness GmbHSohlander Str. 202689 Sohland an der Spree Niederlassung Italien: J. G. Mahlstra\u00dfe 28, 39031 Bruneck Tel.: +49 35936 \/ 45 70 0E-Mail: info@seelenwellness.de\u00a0 Gesch\u00e4ftsf\u00fchrung: Viktor Philippi, Katja RodeHandelsregister: HRB 39865 Umsatzsteuer ID gem\u00e4\u00df \u00a727a UStG: DE338017568 Steuer-ID: 204\/118\/04209 Registergericht: Amtsgericht Dresden Inhaltlich verantwortlich gem\u00e4\u00df \u00a7 5 TMG: Viktor Philippi Diese Internetseite entspricht den aktuellen [&hellip;]","og_url":"https:\/\/wp09.pm-infra.de\/?page_id=344","og_site_name":"Seelenwellness GmbH Italien","article_modified_time":"2025-06-20T15:20:46+00:00","twitter_card":"summary_large_image","twitter_misc":{"Gesch\u00e4tzte Lesezeit":"2\u00a0Minuten"},"schema":{"@context":"https:\/\/schema.org","@graph":[{"@type":"WebPage","@id":"https:\/\/wp09.pm-infra.de\/?page_id=344","url":"https:\/\/wp09.pm-infra.de\/?page_id=344","name":"Impressum - Seelenwellness GmbH Italien","isPartOf":{"@id":"https:\/\/wp09.pm-infra.de\/#website"},"datePublished":"2024-08-06T14:30:50+00:00","dateModified":"2025-06-20T15:20:46+00:00","breadcrumb":{"@id":"https:\/\/wp09.pm-infra.de\/?page_id=344#breadcrumb"},"inLanguage":"de","potentialAction":[{"@type":"ReadAction","target":["https:\/\/wp09.pm-infra.de\/?page_id=344"]}]},{"@type":"BreadcrumbList","@id":"https:\/\/wp09.pm-infra.de\/?page_id=344#breadcrumb","itemListElement":[{"@type":"ListItem","position":1,"name":"Startseite","item":"https:\/\/wp09.pm-infra.de\/"},{"@type":"ListItem","position":2,"name":"Impressum"}]},{"@type":"WebSite","@id":"https:\/\/wp09.pm-infra.de\/#website","url":"https:\/\/wp09.pm-infra.de\/","name":"Seelenwellness GmbH Italien","description":"","potentialAction":[{"@type":"SearchAction","target":{"@type":"EntryPoint","urlTemplate":"https:\/\/wp09.pm-infra.de\/?s={search_term_string}"},"query-input":{"@type":"PropertyValueSpecification","valueRequired":true,"valueName":"search_term_string"}}],"inLanguage":"de"}]}},"_links":{"self":[{"href":"https:\/\/wp09.pm-infra.de\/index.php?rest_route=\/wp\/v2\/pages\/344","targetHints":{"allow":["GET"]}}],"collection":[{"href":"https:\/\/wp09.pm-infra.de\/index.php?rest_route=\/wp\/v2\/pages"}],"about":[{"href":"https:\/\/wp09.pm-infra.de\/index.php?rest_route=\/wp\/v2\/types\/page"}],"author":[{"embeddable":true,"href":"https:\/\/wp09.pm-infra.de\/index.php?rest_route=\/wp\/v2\/users\/2"}],"replies":[{"embeddable":true,"href":"https:\/\/wp09.pm-infra.de\/index.php?rest_route=%2Fwp%2Fv2%2Fcomments&post=344"}],"version-history":[{"count":9,"href":"https:\/\/wp09.pm-infra.de\/index.php?rest_route=\/wp\/v2\/pages\/344\/revisions"}],"predecessor-version":[{"id":442,"href":"https:\/\/wp09.pm-infra.de\/index.php?rest_route=\/wp\/v2\/pages\/344\/revisions\/442"}],"wp:attachment":[{"href":"https:\/\/wp09.pm-infra.de\/index.php?rest_route=%2Fwp%2Fv2%2Fmedia&parent=344"}],"curies":[{"name":"wp","href":"https:\/\/api.w.org\/{rel}","templated":true}]}}